{"id":5005,"date":"2022-04-16T11:21:27","date_gmt":"2022-04-16T11:21:27","guid":{"rendered":"https:\/\/campobelloislandnb.ca\/notre-communaute\/repertoire-des-entreprises\/"},"modified":"2022-06-16T10:53:12","modified_gmt":"2022-06-16T10:53:12","slug":"repertoire-des-entreprises","status":"publish","type":"page","link":"https:\/\/campobelloislandnb.ca\/fr\/notre-communaute\/repertoire-des-entreprises\/","title":{"rendered":"R\u00e9pertoire des entreprises"},"content":{"rendered":"\t\t<div data-elementor-type=\"wp-page\" data-elementor-id=\"5005\" class=\"elementor elementor-5005 elementor-2239\">\n\t\t\t\t\t\t<div class=\"elementor-inner\">\n\t\t\t\t<div class=\"elementor-section-wrap\">\n\t\t\t\t\t\t\t\t\t<section class=\"elementor-section elementor-top-section elementor-element elementor-element-f444a2e elementor-section-boxed elementor-section-height-default elementor-section-height-default\" data-id=\"f444a2e\" data-element_type=\"section\">\n\t\t\t\t\t\t<div class=\"elementor-container elementor-column-gap-default\">\n\t\t\t\t\t\t\t<div class=\"elementor-row\">\n\t\t\t\t\t<div class=\"elementor-column elementor-col-100 elementor-top-column elementor-element elementor-element-b7aa09c\" data-id=\"b7aa09c\" data-element_type=\"column\">\n\t\t\t<div class=\"elementor-column-wrap elementor-element-populated\">\n\t\t\t\t\t\t\t<div class=\"elementor-widget-wrap\">\n\t\t\t\t\t\t<div class=\"elementor-element elementor-element-b183a3e elementor-widget elementor-widget-spacer\" data-id=\"b183a3e\" data-element_type=\"widget\" data-widget_type=\"spacer.default\">\n\t\t\t\t<div class=\"elementor-widget-container\">\n\t\t\t<style>\/*! elementor - v3.14.0 - 26-06-2023 *\/\n.elementor-column .elementor-spacer-inner{height:var(--spacer-size)}.e-con{--container-widget-width:100%}.e-con-inner>.elementor-widget-spacer,.e-con>.elementor-widget-spacer{width:var(--container-widget-width,var(--spacer-size));--align-self:var(--container-widget-align-self,initial);--flex-shrink:0}.e-con-inner>.elementor-widget-spacer>.elementor-widget-container,.e-con-inner>.elementor-widget-spacer>.elementor-widget-container>.elementor-spacer,.e-con>.elementor-widget-spacer>.elementor-widget-container,.e-con>.elementor-widget-spacer>.elementor-widget-container>.elementor-spacer{height:100%}.e-con-inner>.elementor-widget-spacer>.elementor-widget-container>.elementor-spacer>.elementor-spacer-inner,.e-con>.elementor-widget-spacer>.elementor-widget-container>.elementor-spacer>.elementor-spacer-inner{height:var(--container-widget-height,var(--spacer-size))}<\/style>\t\t<div class=\"elementor-spacer\">\n\t\t\t<div class=\"elementor-spacer-inner\"><\/div>\n\t\t<\/div>\n\t\t\t\t<\/div>\n\t\t\t\t<\/div>\n\t\t\t\t\t\t<\/div>\n\t\t\t\t\t<\/div>\n\t\t<\/div>\n\t\t\t\t\t\t\t\t<\/div>\n\t\t\t\t\t<\/div>\n\t\t<\/section>\n\t\t\t\t<section class=\"elementor-section elementor-top-section elementor-element elementor-element-c9e62d3 elementor-section-content-middle elementor-section-boxed elementor-section-height-default elementor-section-height-default\" data-id=\"c9e62d3\" data-element_type=\"section\" data-settings=\"{&quot;background_background&quot;:&quot;classic&quot;}\">\n\t\t\t\t\t\t<div class=\"elementor-container elementor-column-gap-extended\">\n\t\t\t\t\t\t\t<div class=\"elementor-row\">\n\t\t\t\t\t<div class=\"elementor-column elementor-col-100 elementor-top-column elementor-element elementor-element-2cbde09\" data-id=\"2cbde09\" data-element_type=\"column\">\n\t\t\t<div class=\"elementor-column-wrap elementor-element-populated\">\n\t\t\t\t\t\t\t<div class=\"elementor-widget-wrap\">\n\t\t\t\t\t\t<div class=\"elementor-element elementor-element-ad6f9a9 acenter divider_yes elementor-widget elementor-widget-wgl-info-box\" data-id=\"ad6f9a9\" data-element_type=\"widget\" data-widget_type=\"wgl-info-box.default\">\n\t\t\t\t<div class=\"elementor-widget-container\">\n\t\t\t<div class=\"wgl-infobox\"><div class=\"wgl-infobox_wrapper\"><div class=\"wgl-infobox-content_wrapper\"><div class=\"wgl-infobox-title_wrapper\"><div class=\"wgl-infobox_title\">Chambre de commerce de l'\u00eele de Campobello<\/div><\/div><div class=\"wgl-infobox_content\"><p>La chambre de commerce de l'\u00eele de Campobello est une soci\u00e9t\u00e9 r\u00e9gie par la loi sur les chambres de commerce - partie II. Elle a \u00e9t\u00e9 constitu\u00e9e le 30\u00a0avril\u00a01985 au Canada et, au 30\u00a0avril\u00a01985, est une soci\u00e9t\u00e9 active.<\/p><\/div><\/div><\/div><\/div>\t\t<\/div>\n\t\t\t\t<\/div>\n\t\t\t\t<div class=\"elementor-element elementor-element-f818a0f elementor-widget elementor-widget-spacer\" data-id=\"f818a0f\" data-element_type=\"widget\" data-widget_type=\"spacer.default\">\n\t\t\t\t<div class=\"elementor-widget-container\">\n\t\t\t\t\t<div class=\"elementor-spacer\">\n\t\t\t<div class=\"elementor-spacer-inner\"><\/div>\n\t\t<\/div>\n\t\t\t\t<\/div>\n\t\t\t\t<\/div>\n\t\t\t\t\t\t<\/div>\n\t\t\t\t\t<\/div>\n\t\t<\/div>\n\t\t\t\t\t\t\t\t<\/div>\n\t\t\t\t\t<\/div>\n\t\t<\/section>\n\t\t\t\t<section class=\"elementor-section elementor-top-section elementor-element elementor-element-e7f0175 elementor-section-boxed elementor-section-height-default elementor-section-height-default\" data-id=\"e7f0175\" data-element_type=\"section\">\n\t\t\t\t\t\t<div class=\"elementor-container elementor-column-gap-default\">\n\t\t\t\t\t\t\t<div class=\"elementor-row\">\n\t\t\t\t\t<div class=\"elementor-column elementor-col-100 elementor-top-column elementor-element elementor-element-ba3d162\" data-id=\"ba3d162\" data-element_type=\"column\">\n\t\t\t<div class=\"elementor-column-wrap elementor-element-populated\">\n\t\t\t\t\t\t\t<div class=\"elementor-widget-wrap\">\n\t\t\t\t\t\t<div class=\"elementor-element elementor-element-890331a elementor-widget elementor-widget-spacer\" data-id=\"890331a\" data-element_type=\"widget\" data-widget_type=\"spacer.default\">\n\t\t\t\t<div class=\"elementor-widget-container\">\n\t\t\t\t\t<div class=\"elementor-spacer\">\n\t\t\t<div class=\"elementor-spacer-inner\"><\/div>\n\t\t<\/div>\n\t\t\t\t<\/div>\n\t\t\t\t<\/div>\n\t\t\t\t\t\t<\/div>\n\t\t\t\t\t<\/div>\n\t\t<\/div>\n\t\t\t\t\t\t\t\t<\/div>\n\t\t\t\t\t<\/div>\n\t\t<\/section>\n\t\t\t\t<section class=\"elementor-section elementor-top-section elementor-element elementor-element-06dfd86 elementor-section-content-middle elementor-section-boxed elementor-section-height-default elementor-section-height-default\" data-id=\"06dfd86\" data-element_type=\"section\">\n\t\t\t\t\t\t<div class=\"elementor-container elementor-column-gap-default\">\n\t\t\t\t\t\t\t<div class=\"elementor-row\">\n\t\t\t\t\t<div class=\"elementor-column elementor-col-50 elementor-top-column elementor-element elementor-element-c9123ab\" data-id=\"c9123ab\" data-element_type=\"column\">\n\t\t\t<div class=\"elementor-column-wrap elementor-element-populated\">\n\t\t\t\t\t\t\t<div class=\"elementor-widget-wrap\">\n\t\t\t\t\t\t<div class=\"elementor-element elementor-element-eae35e3 elementor-widget elementor-widget-google_maps\" data-id=\"eae35e3\" data-element_type=\"widget\" data-widget_type=\"google_maps.default\">\n\t\t\t\t<div class=\"elementor-widget-container\">\n\t\t\t<style>\/*! elementor - v3.14.0 - 26-06-2023 *\/\n.elementor-widget-google_maps .elementor-widget-container{overflow:hidden}.elementor-widget-google_maps .elementor-custom-embed{line-height:0}.elementor-widget-google_maps iframe{height:300px}<\/style>\t\t<div class=\"elementor-custom-embed\">\n\t\t\t<iframe loading=\"lazy\"\n\t\t\t\t\tsrc=\"https:\/\/maps.google.com\/maps?q=Campobello%20Island%2C%20NB&#038;t=m&#038;z=12&#038;output=embed&#038;iwloc=near\"\n\t\t\t\t\ttitle=\"Campobello Island, NB\"\n\t\t\t\t\taria-label=\"Campobello Island, NB\"\n\t\t\t><\/iframe>\n\t\t<\/div>\n\t\t\t\t<\/div>\n\t\t\t\t<\/div>\n\t\t\t\t\t\t<\/div>\n\t\t\t\t\t<\/div>\n\t\t<\/div>\n\t\t\t\t<div class=\"elementor-column elementor-col-50 elementor-top-column elementor-element elementor-element-e9d9655\" data-id=\"e9d9655\" data-element_type=\"column\">\n\t\t\t<div class=\"elementor-column-wrap elementor-element-populated\">\n\t\t\t\t\t\t\t<div class=\"elementor-widget-wrap\">\n\t\t\t\t\t\t<div class=\"elementor-element elementor-element-1a9745b elementor-widget elementor-widget-wgl-toggle-accordion\" data-id=\"1a9745b\" data-element_type=\"widget\" data-widget_type=\"wgl-toggle-accordion.default\">\n\t\t\t\t<div class=\"elementor-widget-container\">\n\t\t\t        <div class=\"wgl-accordion icon-custom\" id=\"wgl-accordion-1a9745b\" data-type=\"accordion\">\n\n                            <div class=\"wgl-accordion_panel\">\n                    <div id=\"wgl-accordion_header-2781\" class=\"wgl-accordion_header\" data-default=\"yes\">\n                        <span class=\"wgl-accordion_title\">Herring Cove Restaurant\n<\/span>\n                        <i class=\"wgl-accordion_icon fa fa-angle-right\"><\/i>                    <\/div>\n                    <div class=\"wgl-accordion_content\"><p><span>Herring Cove Provincial Park<\/span><br \/><span>Phone: 506-752-1818<\/span><\/p><\/div>\n                <\/div>\n                            <div class=\"wgl-accordion_panel\">\n                    <div id=\"wgl-accordion_header-2782\" class=\"wgl-accordion_header\" data-default=\"no\">\n                        <span class=\"wgl-accordion_title\">Family Fisheries Take-out \/\nFish Market<\/span>\n                        <i class=\"wgl-accordion_icon fa fa-angle-right\"><\/i>                    <\/div>\n                    <div class=\"wgl-accordion_content\"><p><span style=\"font-size: medium;\">Wilson's Beach, Campobello<br \/>Phone: 506-752-2470<\/span><\/p><\/div>\n                <\/div>\n                            <div class=\"wgl-accordion_panel\">\n                    <div id=\"wgl-accordion_header-2783\" class=\"wgl-accordion_header\" data-default=\"no\">\n                        <span class=\"wgl-accordion_title\">Herring Cove Golf Course<\/span>\n                        <i class=\"wgl-accordion_icon fa fa-angle-right\"><\/i>                    <\/div>\n                    <div class=\"wgl-accordion_content\"><p><span style=\"font-size: medium;\">Herring Cove Provincial Park<br \/>Welshpool, Campobello<br \/><\/span><span style=\"font-size: medium;\">Phone: 506-752-7010<\/span><\/p><\/div>\n                <\/div>\n                            <div class=\"wgl-accordion_panel\">\n                    <div id=\"wgl-accordion_header-2784\" class=\"wgl-accordion_header\" data-default=\"no\">\n                        <span class=\"wgl-accordion_title\">Roosevelt Campobello\nInternational Park<\/span>\n                        <i class=\"wgl-accordion_icon fa fa-angle-right\"><\/i>                    <\/div>\n                    <div class=\"wgl-accordion_content\"><p><strong><span style=\"font-size: medium;\">Welshpool, Campobello<br \/>Phone: 506-752-2922<\/span><\/strong><\/p><\/div>\n                <\/div>\n                            <div class=\"wgl-accordion_panel\">\n                    <div id=\"wgl-accordion_header-2785\" class=\"wgl-accordion_header\" data-default=\"no\">\n                        <span class=\"wgl-accordion_title\">East Quoddy Lighthouse<\/span>\n                        <i class=\"wgl-accordion_icon fa fa-angle-right\"><\/i>                    <\/div>\n                    <div class=\"wgl-accordion_content\"><p><strong><span style=\"font-size: medium;\"><span>Wilson's Beach, Campobello<br \/><\/span>Tours Available<\/span><\/strong><\/p><\/div>\n                <\/div>\n                            <div class=\"wgl-accordion_panel\">\n                    <div id=\"wgl-accordion_header-2786\" class=\"wgl-accordion_header\" data-default=\"no\">\n                        <span class=\"wgl-accordion_title\">Campobello Public Library\n & Museum<\/span>\n                        <i class=\"wgl-accordion_icon fa fa-angle-right\"><\/i>                    <\/div>\n                    <div class=\"wgl-accordion_content\"><p><strong>Welshpool, Campobello<br \/>Phone: 506-752-7082<\/strong><\/p><\/div>\n                <\/div>\n                            <div class=\"wgl-accordion_panel\">\n                    <div id=\"wgl-accordion_header-2787\" class=\"wgl-accordion_header\" data-default=\"no\">\n                        <span class=\"wgl-accordion_title\">Campobello Health Center<\/span>\n                        <i class=\"wgl-accordion_icon fa fa-angle-right\"><\/i>                    <\/div>\n                    <div class=\"wgl-accordion_content\"><p>Welshpool, Campobello<br \/>Phone: 506-752-4100<\/p><\/div>\n                <\/div>\n                            <div class=\"wgl-accordion_panel\">\n                    <div id=\"wgl-accordion_header-2788\" class=\"wgl-accordion_header\" data-default=\"no\">\n                        <span class=\"wgl-accordion_title\">Campobello VillageMART<\/span>\n                        <i class=\"wgl-accordion_icon fa fa-angle-right\"><\/i>                    <\/div>\n                    <div class=\"wgl-accordion_content\"><p>Grocery Store<br \/>Welshpool, Campobello<br \/>Phone: 506-752-2667<\/p><\/div>\n                <\/div>\n                            <div class=\"wgl-accordion_panel\">\n                    <div id=\"wgl-accordion_header-2789\" class=\"wgl-accordion_header\" data-default=\"no\">\n                        <span class=\"wgl-accordion_title\">Campobello Variety Store\n<\/span>\n                        <i class=\"wgl-accordion_icon fa fa-angle-right\"><\/i>                    <\/div>\n                    <div class=\"wgl-accordion_content\"><p>Wilson's Beach, Campobello<br \/>Phone: 506-752-2489<\/p><\/div>\n                <\/div>\n            \n        <\/div>\n        \t\t<\/div>\n\t\t\t\t<\/div>\n\t\t\t\t\t\t<\/div>\n\t\t\t\t\t<\/div>\n\t\t<\/div>\n\t\t\t\t\t\t\t\t<\/div>\n\t\t\t\t\t<\/div>\n\t\t<\/section>\n\t\t\t\t<section class=\"elementor-section elementor-top-section elementor-element elementor-element-914bea3 elementor-section-boxed elementor-section-height-default elementor-section-height-default\" data-id=\"914bea3\" data-element_type=\"section\">\n\t\t\t\t\t\t<div class=\"elementor-container elementor-column-gap-default\">\n\t\t\t\t\t\t\t<div class=\"elementor-row\">\n\t\t\t\t\t<div class=\"elementor-column elementor-col-100 elementor-top-column elementor-element elementor-element-cd60662\" data-id=\"cd60662\" data-element_type=\"column\">\n\t\t\t<div class=\"elementor-column-wrap elementor-element-populated\">\n\t\t\t\t\t\t\t<div class=\"elementor-widget-wrap\">\n\t\t\t\t\t\t<div class=\"elementor-element elementor-element-0051feb elementor-widget elementor-widget-spacer\" data-id=\"0051feb\" data-element_type=\"widget\" data-widget_type=\"spacer.default\">\n\t\t\t\t<div class=\"elementor-widget-container\">\n\t\t\t\t\t<div class=\"elementor-spacer\">\n\t\t\t<div class=\"elementor-spacer-inner\"><\/div>\n\t\t<\/div>\n\t\t\t\t<\/div>\n\t\t\t\t<\/div>\n\t\t\t\t\t\t<\/div>\n\t\t\t\t\t<\/div>\n\t\t<\/div>\n\t\t\t\t\t\t\t\t<\/div>\n\t\t\t\t\t<\/div>\n\t\t<\/section>\n\t\t\t\t<section class=\"elementor-section elementor-top-section elementor-element elementor-element-40c4ee8 elementor-section-boxed elementor-section-height-default elementor-section-height-default\" data-id=\"40c4ee8\" data-element_type=\"section\">\n\t\t\t\t\t\t<div class=\"elementor-container elementor-column-gap-default\">\n\t\t\t\t\t\t\t<div class=\"elementor-row\">\n\t\t\t\t\t<div class=\"elementor-column elementor-col-100 elementor-top-column elementor-element elementor-element-270d353\" data-id=\"270d353\" data-element_type=\"column\">\n\t\t\t<div class=\"elementor-column-wrap elementor-element-populated\">\n\t\t\t\t\t\t\t<div class=\"elementor-widget-wrap\">\n\t\t\t\t\t\t<div class=\"elementor-element elementor-element-14f656e elementor-widget elementor-widget-spacer\" data-id=\"14f656e\" data-element_type=\"widget\" data-widget_type=\"spacer.default\">\n\t\t\t\t<div class=\"elementor-widget-container\">\n\t\t\t\t\t<div class=\"elementor-spacer\">\n\t\t\t<div class=\"elementor-spacer-inner\"><\/div>\n\t\t<\/div>\n\t\t\t\t<\/div>\n\t\t\t\t<\/div>\n\t\t\t\t\t\t<\/div>\n\t\t\t\t\t<\/div>\n\t\t<\/div>\n\t\t\t\t\t\t\t\t<\/div>\n\t\t\t\t\t<\/div>\n\t\t<\/section>\n\t\t\t\t\t\t\t\t\t<\/div>\n\t\t\t<\/div>\n\t\t\t\t\t<\/div>\n\t\t","protected":false},"excerpt":{"rendered":"<p>Chambre de commerce de l&#8217;\u00eele de Campobello La chambre de commerce de l&#8217;\u00eele de Campobello est une soci\u00e9t\u00e9 r\u00e9gie par la loi sur les chambres de commerce &#8211; partie II. Elle a \u00e9t\u00e9 constitu\u00e9e le 30\u00a0avril\u00a01985 au Canada et, au 30\u00a0avril\u00a01985, est une soci\u00e9t\u00e9 active. Herring Cove Restaurant Herring Cove Provincial ParkPhone: 506-752-1818 Family Fisheries [&hellip;]<\/p>\n","protected":false},"author":1,"featured_media":0,"parent":4953,"menu_order":4,"comment_status":"closed","ping_status":"closed","template":"","meta":{"_monsterinsights_skip_tracking":false,"_monsterinsights_sitenote_active":false,"_monsterinsights_sitenote_note":"","_monsterinsights_sitenote_category":0,"footnotes":""},"class_list":["post-5005","page","type-page","status-publish","hentry"],"jetpack_sharing_enabled":true,"_links":{"self":[{"href":"https:\/\/campobelloislandnb.ca\/fr\/wp-json\/wp\/v2\/pages\/5005","targetHints":{"allow":["GET"]}}],"collection":[{"href":"https:\/\/campobelloislandnb.ca\/fr\/wp-json\/wp\/v2\/pages"}],"about":[{"href":"https:\/\/campobelloislandnb.ca\/fr\/wp-json\/wp\/v2\/types\/page"}],"author":[{"embeddable":true,"href":"https:\/\/campobelloislandnb.ca\/fr\/wp-json\/wp\/v2\/users\/1"}],"replies":[{"embeddable":true,"href":"https:\/\/campobelloislandnb.ca\/fr\/wp-json\/wp\/v2\/comments?post=5005"}],"version-history":[{"count":6,"href":"https:\/\/campobelloislandnb.ca\/fr\/wp-json\/wp\/v2\/pages\/5005\/revisions"}],"predecessor-version":[{"id":5011,"href":"https:\/\/campobelloislandnb.ca\/fr\/wp-json\/wp\/v2\/pages\/5005\/revisions\/5011"}],"up":[{"embeddable":true,"href":"https:\/\/campobelloislandnb.ca\/fr\/wp-json\/wp\/v2\/pages\/4953"}],"wp:attachment":[{"href":"https:\/\/campobelloislandnb.ca\/fr\/wp-json\/wp\/v2\/media?parent=5005"}],"curies":[{"name":"wp","href":"https:\/\/api.w.org\/{rel}","templated":true}]}}